{"id":671,"date":"2022-11-04T15:31:24","date_gmt":"2022-11-04T14:31:24","guid":{"rendered":"https:\/\/herrljungadrycker.com\/work-with-us\/"},"modified":"2025-10-22T16:19:32","modified_gmt":"2025-10-22T14:19:32","slug":"work-with-us","status":"publish","type":"page","link":"https:\/\/herrljungadrycker.com\/en\/work-with-us\/","title":{"rendered":"Work with us"},"content":{"rendered":"\n\n\t<section class=\"section\" id=\"section_2128747056\">\n\t\t<div class=\"section-bg fill\" >\n\t\t\t\t\t\t\t\t\t\n\t\t\t\n\n\t\t<\/div>\n\n\t\t\n\n\t\t<div class=\"section-content relative\">\n\t\t\t\n\n<div class=\"row align-center subpage-title\"  id=\"row-543885010\">\n\n\n\t<div id=\"col-95625897\" class=\"col medium-6 small-12 large-6\"  >\n\t\t\t\t<div class=\"col-inner text-center\"  >\n\t\t\t\n\t\t\t\n\n<h2>Bli en del av <br \/>Herrljunga Drycker<\/h2>\n<p>Idag har f\u00f6retaget cirka 80 anst\u00e4llda. Fabrik, kontor, lager och g\u00e5rdsbutik ligger alla i Herrljunga, p\u00e5 den plats d\u00e4r allt en g\u00e5ng b\u00f6rjade. Vill du bli en av oss? D\u00e5 vi \u00e4r i en tillv\u00e4xtfas har vi ofta behov av personal.<\/p>\n\n\t\t<\/div>\n\t\t\t\t\n<style>\n#col-95625897 > .col-inner {\n  padding: 30px 0px 0px 0px;\n  margin: 0px 0px -15px 0px;\n}\n@media (min-width:550px) {\n  #col-95625897 > .col-inner {\n    padding: 60px 0px 0px 0px;\n  }\n}\n<\/style>\n\t<\/div>\n\n\t\n\n\t<div id=\"col-1544000336\" class=\"col small-12 large-12\"  >\n\t\t\t\t<div class=\"col-inner\"  >\n\t\t\t\n\t\t\t\n\n\t<div class=\"img has-hover x md-x lg-x y md-y lg-y\" id=\"image_431454864\">\n\t\t\t\t\t\t\t\t<div class=\"img-inner dark\" style=\"margin:0px 0px 30px 0px;\">\n\t\t\t<img loading=\"lazy\" decoding=\"async\" width=\"1800\" height=\"1200\" src=\"https:\/\/herrljungadrycker.com\/wp-content\/uploads\/2023\/01\/Herrljunga_25102022_D4A8713.webp\" class=\"attachment-original size-original\" alt=\"\" srcset=\"https:\/\/herrljungadrycker.com\/wp-content\/uploads\/2023\/01\/Herrljunga_25102022_D4A8713.webp 1800w, https:\/\/herrljungadrycker.com\/wp-content\/uploads\/2023\/01\/Herrljunga_25102022_D4A8713-300x200.webp 300w, https:\/\/herrljungadrycker.com\/wp-content\/uploads\/2023\/01\/Herrljunga_25102022_D4A8713-1024x683.webp 1024w, https:\/\/herrljungadrycker.com\/wp-content\/uploads\/2023\/01\/Herrljunga_25102022_D4A8713-768x512.webp 768w, https:\/\/herrljungadrycker.com\/wp-content\/uploads\/2023\/01\/Herrljunga_25102022_D4A8713-1536x1024.webp 1536w\" sizes=\"auto, (max-width: 1800px) 100vw, 1800px\" \/>\t\t\t\t\t\t\n\t\t\t\t\t<\/div>\n\t\t\t\t\t\t\t\t\n<style>\n#image_431454864 {\n  width: 100%;\n}\n<\/style>\n\t<\/div>\n\t\n\n<h2 style=\"text-align: center;\">Lediga jobb<\/h2>\n\n\n\t\t<\/div>\n\t\t\t\t\t<\/div>\n\n\t\n\n<\/div>\n\n\n<div class=\"row\"><div class=\"col medium-4 small-12\"><div class=\"col-inner bg-gray\" style=\"padding: 30px;\"><h3>Spontanans\u00f6kan<\/h3><a class=\"button primary no-margin\" href=\"https:\/\/herrljungadrycker.com\/en\/ledig-tjanst\/spontanansokan\/\">Skicka ans\u00f6kan<\/a><\/div><\/div><\/div>\n\n\n\t\t<\/div>\n\n\t\t\n<style>\n#section_2128747056 {\n  padding-top: 30px;\n  padding-bottom: 30px;\n}\n<\/style>\n\t<\/section>\n\t\n\n","protected":false},"excerpt":{"rendered":"","protected":false},"author":1,"featured_media":0,"parent":0,"menu_order":0,"comment_status":"closed","ping_status":"closed","template":"page-blank.php","meta":{"_acf_changed":false,"footnotes":""},"class_list":["post-671","page","type-page","status-publish","hentry"],"acf":[],"_links":{"self":[{"href":"https:\/\/herrljungadrycker.com\/en\/wp-json\/wp\/v2\/pages\/671","targetHints":{"allow":["GET"]}}],"collection":[{"href":"https:\/\/herrljungadrycker.com\/en\/wp-json\/wp\/v2\/pages"}],"about":[{"href":"https:\/\/herrljungadrycker.com\/en\/wp-json\/wp\/v2\/types\/page"}],"author":[{"embeddable":true,"href":"https:\/\/herrljungadrycker.com\/en\/wp-json\/wp\/v2\/users\/1"}],"replies":[{"embeddable":true,"href":"https:\/\/herrljungadrycker.com\/en\/wp-json\/wp\/v2\/comments?post=671"}],"version-history":[{"count":10,"href":"https:\/\/herrljungadrycker.com\/en\/wp-json\/wp\/v2\/pages\/671\/revisions"}],"predecessor-version":[{"id":1531,"href":"https:\/\/herrljungadrycker.com\/en\/wp-json\/wp\/v2\/pages\/671\/revisions\/1531"}],"wp:attachment":[{"href":"https:\/\/herrljungadrycker.com\/en\/wp-json\/wp\/v2\/media?parent=671"}],"curies":[{"name":"wp","href":"https:\/\/api.w.org\/{rel}","templated":true}]}}